{"id":28,"date":"2019-04-25T00:51:56","date_gmt":"2019-04-24T22:51:56","guid":{"rendered":"http:\/\/pfarrei-lambertsneukirchen.de\/?page_id=28"},"modified":"2025-10-25T08:46:34","modified_gmt":"2025-10-25T06:46:34","slug":"kontakt","status":"publish","type":"page","link":"https:\/\/pfarrei-lambertsneukirchen.de\/?page_id=28","title":{"rendered":"Kontakt"},"content":{"rendered":"\n<h2 class=\"wp-block-heading\">Pfarrei Lambertsneukirchen<\/h2>\n\n\n\n<p>Adresse:&nbsp;Hauzendorfer Str. 6, 93170 Bernhardswald<\/p>\n\n\n\n<p>Telefon:&nbsp;09463 205 <br>Email: <a href=\"mailto:kath.pfarramt.st.lambert@t-online.de\">kath.pfarramt.st.lambert@t-online.de<\/a> <br>Email Webmaster: webmaster@pfarrei-lambertsneukirchen.de<\/p>\n\n\n<div id=\"wpgmza_map\" class=\"wpgmza_map\" data-settings='{\"id\":\"1\",\"map_title\":\"Meine erste Karte\",\"map_width\":\"100\",\"map_height\":\"400\",\"map_start_lat\":\"49.139174\",\"map_start_lng\":\"12.280605\",\"map_start_location\":\"49.139174351670675,12.280605328269303\",\"map_start_zoom\":\"17\",\"default_marker\":\"0\",\"type\":\"1\",\"alignment\":\"1\",\"directions_enabled\":\"1\",\"styling_enabled\":\"0\",\"styling_json\":\"\",\"active\":\"0\",\"kml\":\"\",\"bicycle\":\"0\",\"traffic\":\"0\",\"dbox\":\"1\",\"dbox_width\":\"100\",\"listmarkers\":\"0\",\"listmarkers_advanced\":\"0\",\"filterbycat\":\"0\",\"ugm_enabled\":\"0\",\"ugm_category_enabled\":\"0\",\"fusion\":\"\",\"map_width_type\":\"\\\\%\",\"map_height_type\":\"px\",\"mass_marker_support\":\"1\",\"ugm_access\":\"0\",\"order_markers_by\":\"1\",\"order_markers_choice\":\"2\",\"show_user_location\":\"0\",\"default_to\":\"\",\"other_settings\":{\"store_locator_enabled\":2,\"store_locator_distance\":2,\"store_locator_default_radius\":\"10\",\"store_locator_not_found_message\":\"No results found in this location. Please try again.\",\"store_locator_bounce\":1,\"store_locator_query_string\":\"PLZ \\\/ Adresse:\",\"store_locator_default_address\":\"\",\"wpgmza_store_locator_restrict\":\"\",\"store_locator_style\":\"modern\",\"wpgmza_store_locator_radius_style\":\"modern\",\"map_max_zoom\":\"1\",\"transport_layer\":0,\"wpgmza_show_points_of_interest\":0}}' data-map-id='1' Data-maps-engine='open-layers' data-shortcode-attributes='{\"id\":\"1\"}' style=\"display:block; overflow:auto; width:100%; height:400px; float:left;\"><\/div>\n\n\n\n<h2 class=\"wp-block-heading\">Impressum &amp; Datenschutz<\/h2>\n\n\n\n<p>Pfarrei Lambertsneukirchen <br>Hauzendorfer Str. 6, 93170 Bernhardswald Deutschland<br>Telefon: 09463 \/ 205<br>Email:  <a href=\"mailto:kath.pfarramt.st.lambert@t-online.de\">kath.pfarramt.st.lambert@t-online.de<\/a> <br>Internet:&nbsp;<a aria-label=\" (\u00f6ffnet in neuem Tab)\" href=\"https:\/\/pfarrei-lambertsneukirchen.de\/\" target=\"_blank\" rel=\"noreferrer noopener\">www.pfarrei-lambertsneukirchen.de<\/a><\/p>\n\n\n\n<p>Kontakte Pfarreiengemeinschaft: <\/p>\n\n\n\n<div class=\"wp-block-file\"><a id=\"wp-block-file--media-db3aa676-0614-4d78-af04-b1c6002d50ca\" href=\"https:\/\/pfarrei-lambertsneukirchen.de\/wp-content\/uploads\/2025\/10\/Kontaktdaten.pdf\">Kontaktdaten<\/a><a href=\"https:\/\/pfarrei-lambertsneukirchen.de\/wp-content\/uploads\/2025\/10\/Kontaktdaten.pdf\" class=\"wp-block-file__button wp-element-button\" download aria-describedby=\"wp-block-file--media-db3aa676-0614-4d78-af04-b1c6002d50ca\">Herunterladen<\/a><\/div>\n\n\n\n<p><\/p>\n\n\n\n<p><\/p>\n\n\n\n<h2 class=\"wp-block-heading\">Website Administration <\/h2>\n\n\n\n<p>M\u00fc-Tech &#8211; Andreas M\u00fchlbauer<br><a rel=\"noreferrer noopener\" aria-label=\" (\u00f6ffnet in neuem Tab)\" href=\"http:\/\/www.m\u00fc-tech.de\" target=\"_blank\">www.m\u00fc-tech.de<\/a><\/p>\n\n\n\n<p><\/p>\n\n\n\n<h2 class=\"wp-block-heading\">Haftungsausschluss<\/h2>\n\n\n\n<p><strong>Eigene und fremde Inhalte (Hyperlinks)<\/strong><br>Der Herausgeber ist als Inhaltsanbieter f\u00fcr die eigenen Inhalte, die er zur Nutzung bereith\u00e4lt, nach den allgemeinen Gesetzen verantwortlich. Von diesen eigenen Inhalten sind Querverweise (&#8222;Hyperlinks&#8220;) auf die von anderen Anbietern bereitgehaltenen Inhalte zu unterscheiden. Die Inhalte dieser verlinkten Seiten stammen weder vom Herausgeber noch hat er die M\u00f6glichkeit, den aktuellen und zuk\u00fcnftigen Inhalt von Seiten anderer Anbieter zu beeinflussen. Der Herausgeber weist ausdr\u00fccklich darauf hin, dass die Inhalte fremder verlinkter Seiten nicht die Meinung des Herausgebers widerspiegeln, sondern lediglich der Information und der Darstellung von Zusammenh\u00e4ngen dienen. Der Herausgeber distanziert sich hiermit ausdr\u00fccklich von allen Inhalten verlinkter Seiten anderer Anbieter. Der Herausgeber haftet nicht f\u00fcr fremde Inhalte, auf die er lediglich im oben genannten Sinne verweist. Die Verantwortlichkeit liegt alleine bei dem Anbieter der Inhalte.<\/p>\n\n\n\n<p><strong>Haftungsbeschr\u00e4nkungen<\/strong><br>Der Herausgeber ist stets bem\u00fcht, die Inhalte dieser Website m\u00f6glichst aktuell zu halten. Der Herausgeber \u00fcbernimmt aber keinerlei Gew\u00e4hr f\u00fcr die Aktualit\u00e4t, Korrektheit, Vollst\u00e4ndigkeit oder Qualit\u00e4t der bereitgestellten Informationen. Haftungsanspr\u00fcche gegen den Herausgeber, welche sich auf Sch\u00e4den materieller oder ideeller Art beziehen, die durch die Nutzung oder Nichtnutzung der dargebotenen Informationen bzw. durch die Nutzung fehlerhafter und unvollst\u00e4ndiger Informationen verursacht wurden, sind grunds\u00e4tzlich ausgeschlossen, sofern seitens des Herausgebers kein nachweislich vors\u00e4tzliches oder grob fahrl\u00e4ssiges Verschulden vorliegt. Alle Angebote sind freibleibend und unverbindlich. Der Herausgeber beh\u00e4lt es sich ausdr\u00fccklich vor, Teile der Seiten oder das gesamte Angebot ohne gesonderte Ank\u00fcndigung zu ver\u00e4ndern, zu erg\u00e4nzen, zu l\u00f6schen oder die Ver\u00f6ffentlichung zeitweise oder endg\u00fcltig einzustellen.<\/p>\n\n\n\n<p><strong>Urheber- und Kennzeichenrecht (Copyright)&nbsp;<\/strong><br>Die auf dieser Website ver\u00f6ffentlichten Inhalte und Werke unterliegen den einschl\u00e4gigen Bestimmungen des jeweils geltenden Urheber-, Marken- und Kennzeichenrechts. Dies gilt insbesondere f\u00fcr Texte, Bilder, Grafiken, Ton-, Video- oder Animationsdateien sowie das Layout dieser Website. Soweit es sich nicht um urheberrechtsfreie Werke handelt, ist deren ganze oder teilweise Verwertung, z.B. die Vervielf\u00e4ltigung, Verbreitung und Wiedergabe, nur mit vorheriger Zustimmung der Rechteinhaber zul\u00e4ssig.<br>Texte, Bilder und sonstige Inhalte k\u00f6nnen ganz oder teilweise dem Urheberrecht Dritter unterliegen. Alle auf unserer Website genannten und ggf. durch Dritte gesch\u00fctzten Marken- und Warenzeichen unterliegen uneingeschr\u00e4nkt den Bestimmungen des jeweils geltenden Kennzeichenrechts und den Besitzrechten der jeweiligen eingetragenen Eigent\u00fcmer.<\/p>\n\n\n\n<h2 class=\"wp-block-heading\">Datenschutz<br><\/h2>\n\n\n\n<p>Der Betreiber dieser Seiten (Pfarrei Lambertsneukirchen) nimmt den Schutz Ihrer pers\u00f6nlichen Daten sehr ernst. Wir behandeln Ihre personenbezogenen Daten vertraulich und entsprechend der gesetzlichen Datenschutzvorschriften gem. der DS-GVO sowie dieser Datenschutzerkl\u00e4rung. Die Nutzung unserer Website ist in der Regel ohne Angabe personenbezogener Daten m\u00f6glich. Soweit auf unseren Seiten personenbezogene Daten (beispielsweise Name, Anschrift oder E-Mail-Adressen) erhoben werden, erfolgt dies stets auf freiwilliger Basis. Diese Daten werden ohne Ihre ausdr\u00fcckliche Zustimmung nicht an Dritte weitergegeben. Wir weisen darauf hin, dass die Daten\u00fcbertragung im Internet (z.B. bei der Kommunikation per E-Mail) Sicherheitsl\u00fccken aufweisen kann. Ein l\u00fcckenloser Schutz der Daten vor dem Zugriff durch Dritte ist nicht m\u00f6glich.<\/p>\n\n\n\n<p><strong>Cookies<\/strong><br>Die Internetseiten verwenden teilweise so genannte Cookies. Cookies richten auf Ihrem Rechner keinen Schaden an und enthalten keine Viren. Cookies dienen dazu, unser Angebot nutzerfreundlicher, effektiver und sicherer zu machen. Cookies sind kleine Textdateien, die auf Ihrem Rechner abgelegt werden und die Ihr Browser speichert. Die meisten der von uns verwendeten Cookies sind so genannte \u201eSession-Cookies\u201c. Sie werden nach Ende Ihres Besuchs automatisch gel\u00f6scht. Andere Cookies bleiben auf Ihrem Endger\u00e4t gespeichert, bis Sie diese l\u00f6schen. Diese Cookies erm\u00f6glichen es uns, Ihren Browser beim n\u00e4chsten Besuch wiederzuerkennen. Sie k\u00f6nnen Ihren Browser so einstellen, dass Sie \u00fcber das Setzen von Cookies informiert werden und Cookies nur im Einzelfall erlauben, die Annahme von Cookies f\u00fcr bestimmte F\u00e4lle oder generell ausschlie\u00dfen sowie das automatische L\u00f6schen der Cookies beim Schlie\u00dfen des Browser aktivieren. Bei der Deaktivierung von Cookies kann die Funktionalit\u00e4t dieser Website eingeschr\u00e4nkt sein.<\/p>\n\n\n\n<p><strong>Provider<\/strong><br>Der Provider der Seiten erhebt und speichert automatisch Informationen in so genannten Server-Log Files, die Ihr Browser automatisch an uns \u00fcbermittelt. Dies sind:<br>&#8211; Browsertyp und Browserversion<br>&#8211; verwendetes Betriebssystem<br>&#8211; Referrer URL<br>&#8211; Hostname des zugreifenden Rechners<br>&#8211; Uhrzeit der Serveranfrage<br>Diese Daten sind nicht bestimmten Personen zuordenbar. Eine Zusammenf\u00fchrung dieser Daten mit anderen Datenquellen wird nicht vorgenommen. Wir behalten uns vor, diese Daten nachtr\u00e4glich zu pr\u00fcfen, wenn uns konkrete Anhaltspunkte f\u00fcr eine rechtswidrige Nutzung bekannt werden.<\/p>\n\n\n\n<p><strong>Recht auf Auskunft, L\u00f6schung, Sperrung<\/strong><br>Sie haben jederzeit das Recht auf unentgeltliche Auskunft \u00fcber Ihre gespeicherten personenbezogenen Daten, deren Herkunft und Empf\u00e4nger und den Zweck der Datenverarbeitung sowie ein Recht auf Berichtigung, Sperrung oder L\u00f6schung dieser Daten. Hierzu sowie zu weiteren Fragen zum Thema personenbezogene Daten k\u00f6nnen Sie sich jederzeit unter der im Impressum angegebenen Adresse an uns wenden.<\/p>\n","protected":false},"excerpt":{"rendered":"<p>Pfarrei Lambertsneukirchen Adresse:&nbsp;Hauzendorfer Str. 6, 93170 Bernhardswald Telefon:&nbsp;09463 205 Email: kath.pfarramt.st.lambert@t-online.de Email Webmaster: webmaster@pfarrei-lambertsneukirchen.de Impressum &amp; Datenschutz Pfarrei Lambertsneukirchen Hauzendorfer Str. 6, 93170 Bernhardswald DeutschlandTelefon: 09463 \/ 205Email: kath.pfarramt.st.lambert@t-online.de Internet:&nbsp;www.pfarrei-lambertsneukirchen.de &hellip; <\/p>\n<p class=\"link-more\"><a href=\"https:\/\/pfarrei-lambertsneukirchen.de\/?page_id=28\" class=\"more-link\"><span class=\"screen-reader-text\">\u201eKontakt\u201c <\/span>weiterlesen<\/a><\/p>\n","protected":false},"author":1,"featured_media":0,"parent":0,"menu_order":0,"comment_status":"closed","ping_status":"closed","template":"","meta":{"footnotes":""},"class_list":["post-28","page","type-page","status-publish","hentry","entry"],"_links":{"self":[{"href":"https:\/\/pfarrei-lambertsneukirchen.de\/index.php?rest_route=\/wp\/v2\/pages\/28","targetHints":{"allow":["GET"]}}],"collection":[{"href":"https:\/\/pfarrei-lambertsneukirchen.de\/index.php?rest_route=\/wp\/v2\/pages"}],"about":[{"href":"https:\/\/pfarrei-lambertsneukirchen.de\/index.php?rest_route=\/wp\/v2\/types\/page"}],"author":[{"embeddable":true,"href":"https:\/\/pfarrei-lambertsneukirchen.de\/index.php?rest_route=\/wp\/v2\/users\/1"}],"replies":[{"embeddable":true,"href":"https:\/\/pfarrei-lambertsneukirchen.de\/index.php?rest_route=%2Fwp%2Fv2%2Fcomments&post=28"}],"version-history":[{"count":11,"href":"https:\/\/pfarrei-lambertsneukirchen.de\/index.php?rest_route=\/wp\/v2\/pages\/28\/revisions"}],"predecessor-version":[{"id":612,"href":"https:\/\/pfarrei-lambertsneukirchen.de\/index.php?rest_route=\/wp\/v2\/pages\/28\/revisions\/612"}],"wp:attachment":[{"href":"https:\/\/pfarrei-lambertsneukirchen.de\/index.php?rest_route=%2Fwp%2Fv2%2Fmedia&parent=28"}],"curies":[{"name":"wp","href":"https:\/\/api.w.org\/{rel}","templated":true}]}}